{"id":988,"date":"2021-06-15T17:43:53","date_gmt":"2021-06-15T17:43:53","guid":{"rendered":"http:\/\/tempspy.cluster051.hosting.ovh.net\/?page_id=988"},"modified":"2025-05-24T19:53:43","modified_gmt":"2025-05-24T23:53:43","slug":"testimonials","status":"publish","type":"page","link":"https:\/\/tempspourtoi.ca\/index.php\/testimonials\/","title":{"rendered":"Testimonials"},"content":{"rendered":"\r\n<div class=\"items-start flex\" data-eds-component=\"true\">\r\n<div class=\"flex-col grow min-w-0\" data-eds-component=\"true\">\r\n<div data-eds-component=\"true\">Valentin V. &#8211; May 2025<\/div>\r\n<\/div>\r\n<\/div>\r\n<div data-eds-component=\"true\">\u00a0<\/div>\r\n<div data-eds-component=\"true\">&#8211; Nadia est une massoth\u00e9rapeute fantastique, en qui j&#8217;ai une grande confiance et que je vais voir depuis des ann\u00e9es.<br \/><br \/>Elle est tr\u00e8s professionnelle, qualifi\u00e9e et \u00e0 l&#8217;\u00e9coute des besoins de ses clients. D&#8217;une s\u00e9ance \u00e0 l&#8217;autre, elle retient ce qu&#8217;on lui partage afin d&#8217;offrir un massage personnalis\u00e9.<\/div>\r\n<div data-eds-component=\"true\">\u00a0<\/div>\r\n<div data-eds-component=\"true\">_______________________<\/div>\r\n<div data-eds-component=\"true\">\u00a0<\/div>\r\n<div class=\"items-start flex\" data-eds-component=\"true\">\r\n<div class=\"flex-col grow min-w-0\" data-eds-component=\"true\">\r\n<div data-eds-component=\"true\"><span class=\"where:block text-body-12 text-primary font-strong\" data-eds-component=\"true\">Nathalie &#8211; <\/span>May 2025<\/div>\r\n<\/div>\r\n<div class=\"inline-flex shrink-0\" data-eds-component=\"true\">\r\n<div data-eds-component=\"true\">\u00a0<\/div>\r\n<div class=\"flex gap-2 items-center\" data-eds-component=\"true\">-Nadia is amazing, so calming and truly gifted at what she does. She makes you feel at ease from the moment you arrive, and takes the time to understand what you need. I always leave feeling refreshed and pain-free. Highly recommend!<\/div>\r\n<div data-eds-component=\"true\">\u00a0<\/div>\r\n<\/div>\r\n<\/div>\r\n<div data-eds-component=\"true\">________________________<\/div>\r\n<div data-eds-component=\"true\">\u00a0<\/div>\r\n<div data-eds-component=\"true\">\r\n<div class=\"items-start flex\" data-eds-component=\"true\">\r\n<div class=\"flex-col grow min-w-0\" data-eds-component=\"true\">\r\n<div data-eds-component=\"true\"><span class=\"where:block text-body-12 text-primary font-strong\" data-eds-component=\"true\">Rina <\/span>\u00b7March 2025<\/div>\r\n<\/div>\r\n<div class=\"inline-flex shrink-0\" data-eds-component=\"true\">\r\n<div data-eds-component=\"true\">\u00a0<\/div>\r\n<div class=\"flex gap-2 items-center\" data-eds-component=\"true\">&#8211; Pure bliss! The massage and lymphatic drainage was a perfect blend of relaxation and rejuvenation. Every knot and tension melted away under skilled hands, leaving me feeling refreshed and completely at ease. Highly recommend!<\/div>\r\n<\/div>\r\n<\/div>\r\n<\/div>\r\n<div data-eds-component=\"true\">\u00a0<\/div>\r\n<div data-eds-component=\"true\">________________________<\/div>\r\n\r\n\r\n\r\n<p>&nbsp;<\/p>\r\n<p>Rim B &#8211; Jan 2022<\/p>\r\n\r\n\r\n\r\n<p>-No doubt one of the best and most relaxing massages I&#8217;ve had. Nadia is so sweet, you can tell that she loves what she does and she&#8217;s really good at it too! The space is very cozy, smells amazing and the music is very calming. It&#8217;s not just a massage, it&#8217;s the whole experience. Would definitely go back \ud83d\ude42<\/p>\r\n\r\n\r\n\r\n<p>________________________<\/p>\r\n\r\n\r\n\r\n\r\n\r\n<p>Nadia Forgione &#8211; Jun 2021<\/p>\r\n\r\n\r\n\r\n<p>By far the best massage I have ever had!<br \/>You can feel the love\/passion that she has for her work and it resonates in her massage. Very knowledgeable. No one has been able to untie my knots like she has. The only person i go see&#8230;.Highly recommended!<\/p>\r\n\r\n\r\n\r\n<p>________________________<\/p>\r\n\r\n\r\n\r\n\r\n\r\n<p>Julie Graniero &#8211; Sep 2021<\/p>\r\n\r\n\r\n\r\n<p>Temps Pour Toi really provides an oasis to reboot, re-energize, and connect. Nadia is making all of these self care essentials and resources available along with her specialty massages and pours love into all of it. Thank you for helping me take care of myself and my family \u2764\ufe0f<\/p>\r\n","protected":false},"excerpt":{"rendered":"<p>Valentin V. &#8211; May 2025 \u00a0 &#8211; Nadia est une massoth\u00e9rapeute fantastique, en qui j&#8217;ai une grande confiance et que je vais voir depuis des ann\u00e9es. Elle est tr\u00e8s professionnelle, qualifi\u00e9e et \u00e0 l&#8217;\u00e9coute des besoins de ses clients. D&#8217;une s\u00e9ance \u00e0 l&#8217;autre, elle retient ce qu&#8217;on lui partage afin d&#8217;offrir un massage personnalis\u00e9. \u00a0 _______________________ \u00a0 Nathalie &#8211; May 2025 \u00a0 -Nadia is amazing, so calming and truly gifted at what she does. She makes you feel at ease from the moment you arrive, and takes the time to understand what you need. I always leave feeling refreshed and pain-free. Highly recommend! \u00a0 ________________________ \u00a0 Rina \u00b7March 2025 \u00a0 &#8211; Pure bliss! The massage and lymphatic drainage was a perfect blend of relaxation and rejuvenation. Every knot and tension melted away under skilled hands, leaving me feeling refreshed and completely at ease. Highly recommend! \u00a0 ________________________ &nbsp; Rim B &#8211; Jan 2022 -No doubt one of the best and most relaxing massages I&#8217;ve had. Nadia is so sweet, you can tell that she loves what she does and she&#8217;s really good at it too! The space is very cozy, smells amazing and the music is very calming. It&#8217;s not just a massage, it&#8217;s the whole experience. Would definitely go back \ud83d\ude42 ________________________ Nadia Forgione &#8211; Jun 2021 By far the best massage I have ever had!You can feel the love\/passion that she has for her work and it resonates in her massage. Very knowledgeable. No one has been able to untie my knots like she has. The only person i go see&#8230;.Highly recommended! ________________________ Julie Graniero &#8211; Sep 2021 Temps Pour Toi really provides an oasis to reboot, re-energize, and connect. Nadia is making all of these self care essentials and resources available along with her specialty massages and pours love into all of it. Thank you for helping me take care of myself and my family \u2764\ufe0f<\/p>\n","protected":false},"author":1,"featured_media":0,"parent":0,"menu_order":0,"comment_status":"closed","ping_status":"closed","template":"","meta":{"_monsterinsights_skip_tracking":false,"_monsterinsights_sitenote_active":false,"_monsterinsights_sitenote_note":"","_monsterinsights_sitenote_category":0,"footnotes":""},"class_list":["post-988","page","type-page","status-publish","hentry"],"_links":{"self":[{"href":"https:\/\/tempspourtoi.ca\/index.php\/wp-json\/wp\/v2\/pages\/988","targetHints":{"allow":["GET"]}}],"collection":[{"href":"https:\/\/tempspourtoi.ca\/index.php\/wp-json\/wp\/v2\/pages"}],"about":[{"href":"https:\/\/tempspourtoi.ca\/index.php\/wp-json\/wp\/v2\/types\/page"}],"author":[{"embeddable":true,"href":"https:\/\/tempspourtoi.ca\/index.php\/wp-json\/wp\/v2\/users\/1"}],"replies":[{"embeddable":true,"href":"https:\/\/tempspourtoi.ca\/index.php\/wp-json\/wp\/v2\/comments?post=988"}],"version-history":[{"count":8,"href":"https:\/\/tempspourtoi.ca\/index.php\/wp-json\/wp\/v2\/pages\/988\/revisions"}],"predecessor-version":[{"id":2475,"href":"https:\/\/tempspourtoi.ca\/index.php\/wp-json\/wp\/v2\/pages\/988\/revisions\/2475"}],"wp:attachment":[{"href":"https:\/\/tempspourtoi.ca\/index.php\/wp-json\/wp\/v2\/media?parent=988"}],"curies":[{"name":"wp","href":"https:\/\/api.w.org\/{rel}","templated":true}]}}